{"id":529,"date":"2021-05-23T18:25:51","date_gmt":"2021-05-23T16:25:51","guid":{"rendered":"http:\/\/kaakaokapala.com\/?page_id=529"},"modified":"2024-01-06T17:14:09","modified_gmt":"2024-01-06T15:14:09","slug":"urokset","status":"publish","type":"page","link":"https:\/\/kaakaokapala.com\/?page_id=529","title":{"rendered":"Urokset"},"content":{"rendered":"<p><a href=\"http:\/\/kissat.kissaliitto.fi\/perusnaytto_kissa?id=249498&amp;fbclid=IwAR1V8YukndaR60BBy2zCcT_SFk8BntHINqgspwrc5n48SA6Z9pmG9H8sXN0\"><strong>Neko<\/strong> (IC FI* Kaakaok\u00e4p\u00e4l\u00e4 Lempe\u00e4 Leopardi)<\/a><\/p>\n<p><img loading=\"lazy\" decoding=\"async\" class=\"alignnone wp-image-519 \" src=\"http:\/\/kaakaokapala.com\/wp-content\/uploads\/2021\/02\/IMG-20201225-WA0002-1-135x300.jpg\" alt=\"\" width=\"178\" height=\"395\" srcset=\"https:\/\/kaakaokapala.com\/wp-content\/uploads\/2021\/02\/IMG-20201225-WA0002-1-135x300.jpg 135w, https:\/\/kaakaokapala.com\/wp-content\/uploads\/2021\/02\/IMG-20201225-WA0002-1-461x1024.jpg 461w, https:\/\/kaakaokapala.com\/wp-content\/uploads\/2021\/02\/IMG-20201225-WA0002-1.jpg 720w\" sizes=\"(max-width: 178px) 100vw, 178px\" \/><\/p>\n<p><a href=\"http:\/\/kissat.kissaliitto.fi\/perusnaytto_kissa?id=272399&amp;fbclid=IwAR2V8R07mHn3RzF7qDv3chrf9Wt3buH-kXIZ0KgjCWJZoRVXrQMBwZg1j_M\"><strong>Fuku<\/strong> (IC FI* Easylife&#8217;s Mr. Bad Guy)<\/a><\/p>\n<p><img loading=\"lazy\" decoding=\"async\" class=\"alignnone wp-image-721 size-medium\" src=\"http:\/\/kaakaokapala.com\/wp-content\/uploads\/2023\/07\/Screenshot_20221211-154259-174x300.jpg\" alt=\"\" width=\"174\" height=\"300\" srcset=\"https:\/\/kaakaokapala.com\/wp-content\/uploads\/2023\/07\/Screenshot_20221211-154259-174x300.jpg 174w, https:\/\/kaakaokapala.com\/wp-content\/uploads\/2023\/07\/Screenshot_20221211-154259.jpg 559w\" sizes=\"(max-width: 174px) 100vw, 174px\" \/><\/p>\n<p><a href=\"https:\/\/kissat.kissaliitto.fi\/perusnaytto_kissa.aspx?id=293004\"><strong>Sirius<\/strong> (CH FI* Kaakaok\u00e4p\u00e4l\u00e4 T\u00e4htilaivan Kapteeni)<\/a><\/p>\n<p><img loading=\"lazy\" decoding=\"async\" class=\"alignnone wp-image-746 \" src=\"http:\/\/kaakaokapala.com\/wp-content\/uploads\/2024\/01\/IMG-20231001-WA0010-300x210.jpg\" alt=\"\" width=\"336\" height=\"235\" srcset=\"https:\/\/kaakaokapala.com\/wp-content\/uploads\/2024\/01\/IMG-20231001-WA0010-300x210.jpg 300w, https:\/\/kaakaokapala.com\/wp-content\/uploads\/2024\/01\/IMG-20231001-WA0010-1024x717.jpg 1024w, https:\/\/kaakaokapala.com\/wp-content\/uploads\/2024\/01\/IMG-20231001-WA0010-768x538.jpg 768w, https:\/\/kaakaokapala.com\/wp-content\/uploads\/2024\/01\/IMG-20231001-WA0010.jpg 1300w\" sizes=\"(max-width: 336px) 100vw, 336px\" \/><\/p>\n","protected":false},"excerpt":{"rendered":"<p>Neko (IC FI* Kaakaok\u00e4p\u00e4l\u00e4 Lempe\u00e4 Leopardi) Fuku (IC FI* Easylife&#8217;s Mr. Bad Guy) Sirius (CH FI* Kaakaok\u00e4p\u00e4l\u00e4 T\u00e4htilaivan Kapteeni)<\/p>\n","protected":false},"author":1,"featured_media":0,"parent":0,"menu_order":0,"comment_status":"closed","ping_status":"closed","template":"","meta":{"footnotes":""},"_links":{"self":[{"href":"https:\/\/kaakaokapala.com\/index.php?rest_route=\/wp\/v2\/pages\/529"}],"collection":[{"href":"https:\/\/kaakaokapala.com\/index.php?rest_route=\/wp\/v2\/pages"}],"about":[{"href":"https:\/\/kaakaokapala.com\/index.php?rest_route=\/wp\/v2\/types\/page"}],"author":[{"embeddable":true,"href":"https:\/\/kaakaokapala.com\/index.php?rest_route=\/wp\/v2\/users\/1"}],"replies":[{"embeddable":true,"href":"https:\/\/kaakaokapala.com\/index.php?rest_route=%2Fwp%2Fv2%2Fcomments&post=529"}],"version-history":[{"count":11,"href":"https:\/\/kaakaokapala.com\/index.php?rest_route=\/wp\/v2\/pages\/529\/revisions"}],"predecessor-version":[{"id":749,"href":"https:\/\/kaakaokapala.com\/index.php?rest_route=\/wp\/v2\/pages\/529\/revisions\/749"}],"wp:attachment":[{"href":"https:\/\/kaakaokapala.com\/index.php?rest_route=%2Fwp%2Fv2%2Fmedia&parent=529"}],"curies":[{"name":"wp","href":"https:\/\/api.w.org\/{rel}","templated":true}]}}