{"id":56,"date":"2019-09-16T19:36:23","date_gmt":"2019-09-16T17:36:23","guid":{"rendered":"http:\/\/kaakaokapala.com\/?page_id=56"},"modified":"2024-01-06T17:50:13","modified_gmt":"2024-01-06T15:50:13","slug":"cocoa","status":"publish","type":"page","link":"https:\/\/kaakaokapala.com\/?page_id=56","title":{"rendered":"Naaraat"},"content":{"rendered":"\n<p><strong><a href=\"http:\/\/kissat.kissaliitto.fi\/perusnaytto_kissa?id=187838&amp;fbclid=IwAR3lk8nSpqxULAFNqhSyV-zXPQBamWNh3fp38GSmoiklLEbyp-6CaQoTNBM\">Cocoa<\/a><\/strong><a href=\"http:\/\/kissat.kissaliitto.fi\/perusnaytto_kissa?id=187838&amp;fbclid=IwAR3lk8nSpqxULAFNqhSyV-zXPQBamWNh3fp38GSmoiklLEbyp-6CaQoTNBM\"> (IC FI* Moggi Iida R\u00f6ntt\u00f6nen)<\/a><br><br><img loading=\"lazy\" decoding=\"async\" width=\"3000\" height=\"4000\" class=\"wp-image-531\" style=\"width: 400px;\" src=\"http:\/\/kaakaokapala.com\/wp-content\/uploads\/2021\/05\/IMG_20210521_221321.jpg\" alt=\"\" srcset=\"https:\/\/kaakaokapala.com\/wp-content\/uploads\/2021\/05\/IMG_20210521_221321.jpg 3000w, https:\/\/kaakaokapala.com\/wp-content\/uploads\/2021\/05\/IMG_20210521_221321-225x300.jpg 225w, https:\/\/kaakaokapala.com\/wp-content\/uploads\/2021\/05\/IMG_20210521_221321-768x1024.jpg 768w\" sizes=\"(max-width: 3000px) 100vw, 3000px\" \/><br><br><strong><a href=\"http:\/\/kissat.kissaliitto.fi\/perusnaytto_kissa?id=267766&amp;fbclid=IwAR0xDzf7OlF3A5l7J1ZX9xLDM357IxHaH5k8xJxa4Aq59q7UZcchGh7xTp4\">Suzi <\/a><\/strong><a href=\"http:\/\/kissat.kissaliitto.fi\/perusnaytto_kissa?id=267766&amp;fbclid=IwAR0xDzf7OlF3A5l7J1ZX9xLDM357IxHaH5k8xJxa4Aq59q7UZcchGh7xTp4\">(IC FI* Kaakaok\u00e4p\u00e4l\u00e4 Susan Kay Quatro)<\/a><br><br><img loading=\"lazy\" decoding=\"async\" width=\"1310\" height=\"2026\" class=\"wp-image-728\" style=\"width: 400px;\" src=\"http:\/\/kaakaokapala.com\/wp-content\/uploads\/2023\/07\/IMG_20230730_135905.jpg\" alt=\"\" srcset=\"https:\/\/kaakaokapala.com\/wp-content\/uploads\/2023\/07\/IMG_20230730_135905.jpg 1310w, https:\/\/kaakaokapala.com\/wp-content\/uploads\/2023\/07\/IMG_20230730_135905-194x300.jpg 194w, https:\/\/kaakaokapala.com\/wp-content\/uploads\/2023\/07\/IMG_20230730_135905-662x1024.jpg 662w, https:\/\/kaakaokapala.com\/wp-content\/uploads\/2023\/07\/IMG_20230730_135905-768x1188.jpg 768w, https:\/\/kaakaokapala.com\/wp-content\/uploads\/2023\/07\/IMG_20230730_135905-993x1536.jpg 993w\" sizes=\"(max-width: 1310px) 100vw, 1310px\" \/><br><br><strong><a href=\"http:\/\/kissat.kissaliitto.fi\/perusnaytto_kissa?id=266953&amp;fbclid=IwAR0xDzf7OlF3A5l7J1ZX9xLDM357IxHaH5k8xJxa4Aq59q7UZcchGh7xTp4\">Irene<\/a><\/strong><a href=\"http:\/\/kissat.kissaliitto.fi\/perusnaytto_kissa?id=266953&amp;fbclid=IwAR0xDzf7OlF3A5l7J1ZX9xLDM357IxHaH5k8xJxa4Aq59q7UZcchGh7xTp4\"> (CH FI* Wiiselin Ilahduttava Irene)<\/a><br><br><img loading=\"lazy\" decoding=\"async\" width=\"2560\" height=\"1635\" class=\"wp-image-726\" style=\"width: 400px;\" src=\"http:\/\/kaakaokapala.com\/wp-content\/uploads\/2023\/07\/IMG_20230418_201635-scaled.jpg\" alt=\"\" srcset=\"https:\/\/kaakaokapala.com\/wp-content\/uploads\/2023\/07\/IMG_20230418_201635-scaled.jpg 2560w, https:\/\/kaakaokapala.com\/wp-content\/uploads\/2023\/07\/IMG_20230418_201635-300x192.jpg 300w, https:\/\/kaakaokapala.com\/wp-content\/uploads\/2023\/07\/IMG_20230418_201635-1024x654.jpg 1024w, https:\/\/kaakaokapala.com\/wp-content\/uploads\/2023\/07\/IMG_20230418_201635-768x490.jpg 768w, https:\/\/kaakaokapala.com\/wp-content\/uploads\/2023\/07\/IMG_20230418_201635-1536x981.jpg 1536w, https:\/\/kaakaokapala.com\/wp-content\/uploads\/2023\/07\/IMG_20230418_201635-2048x1308.jpg 2048w\" sizes=\"(max-width: 2560px) 100vw, 2560px\" \/><\/p>\n\n\n\n<p><a href=\"https:\/\/kissat.kissaliitto.fi\/perusnaytto_kissa.aspx?id=292635\"><strong>Rana<\/strong> (CH FI* Kaakaok\u00e4p\u00e4l\u00e4 Margarita)<\/a><br><br><img loading=\"lazy\" decoding=\"async\" width=\"1200\" height=\"1600\" class=\"wp-image-703\" style=\"width: 400px;\" src=\"http:\/\/kaakaokapala.com\/wp-content\/uploads\/2023\/07\/IMG-20230501-WA0026.jpg\" alt=\"\" srcset=\"https:\/\/kaakaokapala.com\/wp-content\/uploads\/2023\/07\/IMG-20230501-WA0026.jpg 1200w, https:\/\/kaakaokapala.com\/wp-content\/uploads\/2023\/07\/IMG-20230501-WA0026-225x300.jpg 225w, https:\/\/kaakaokapala.com\/wp-content\/uploads\/2023\/07\/IMG-20230501-WA0026-768x1024.jpg 768w, https:\/\/kaakaokapala.com\/wp-content\/uploads\/2023\/07\/IMG-20230501-WA0026-1152x1536.jpg 1152w\" sizes=\"(max-width: 1200px) 100vw, 1200px\" \/><br><br><a href=\"https:\/\/kissat.kissaliitto.fi\/perusnaytto_kissa.aspx?id=313103\"><strong>Pippuri<\/strong> (FI* Kaakaok\u00e4p\u00e4l\u00e4 Mustaleski)<\/a><br><br><img loading=\"lazy\" decoding=\"async\" width=\"700\" height=\"1000\" class=\"wp-image-763\" style=\"width: 400px;\" src=\"http:\/\/kaakaokapala.com\/wp-content\/uploads\/2024\/01\/2O8A4051.jpg\" alt=\"\" srcset=\"https:\/\/kaakaokapala.com\/wp-content\/uploads\/2024\/01\/2O8A4051.jpg 700w, https:\/\/kaakaokapala.com\/wp-content\/uploads\/2024\/01\/2O8A4051-210x300.jpg 210w\" sizes=\"(max-width: 700px) 100vw, 700px\" \/><\/p>\n\n\n\n<p><a href=\"https:\/\/kissat.kissaliitto.fi\/perusnaytto_kissa.aspx?id=319890\"><strong>Sahrami<\/strong> (FI* A&#8217;Dreams Nordic Nemesis)<\/a><br><br><img loading=\"lazy\" decoding=\"async\" width=\"876\" height=\"1711\" class=\"wp-image-752\" style=\"width: 400px;\" src=\"http:\/\/kaakaokapala.com\/wp-content\/uploads\/2024\/01\/IMG_20240106_171442.jpg\" alt=\"\" srcset=\"https:\/\/kaakaokapala.com\/wp-content\/uploads\/2024\/01\/IMG_20240106_171442.jpg 876w, https:\/\/kaakaokapala.com\/wp-content\/uploads\/2024\/01\/IMG_20240106_171442-154x300.jpg 154w, https:\/\/kaakaokapala.com\/wp-content\/uploads\/2024\/01\/IMG_20240106_171442-524x1024.jpg 524w, https:\/\/kaakaokapala.com\/wp-content\/uploads\/2024\/01\/IMG_20240106_171442-768x1500.jpg 768w, https:\/\/kaakaokapala.com\/wp-content\/uploads\/2024\/01\/IMG_20240106_171442-786x1536.jpg 786w\" sizes=\"(max-width: 876px) 100vw, 876px\" \/><\/p>\n\n\n\n<p><\/p>\n","protected":false},"excerpt":{"rendered":"<p>Cocoa (IC FI* Moggi Iida R\u00f6ntt\u00f6nen) Suzi (IC FI* Kaakaok\u00e4p\u00e4l\u00e4 Susan Kay Quatro) Irene (CH FI* Wiiselin Ilahduttava Irene) Rana (CH FI* Kaakaok\u00e4p\u00e4l\u00e4 Margarita) Pippuri (FI* Kaakaok\u00e4p\u00e4l\u00e4 Mustaleski) Sahrami (FI* A&#8217;Dreams Nordic Nemesis)<\/p>\n","protected":false},"author":1,"featured_media":0,"parent":0,"menu_order":0,"comment_status":"closed","ping_status":"closed","template":"","meta":{"footnotes":""},"_links":{"self":[{"href":"https:\/\/kaakaokapala.com\/index.php?rest_route=\/wp\/v2\/pages\/56"}],"collection":[{"href":"https:\/\/kaakaokapala.com\/index.php?rest_route=\/wp\/v2\/pages"}],"about":[{"href":"https:\/\/kaakaokapala.com\/index.php?rest_route=\/wp\/v2\/types\/page"}],"author":[{"embeddable":true,"href":"https:\/\/kaakaokapala.com\/index.php?rest_route=\/wp\/v2\/users\/1"}],"replies":[{"embeddable":true,"href":"https:\/\/kaakaokapala.com\/index.php?rest_route=%2Fwp%2Fv2%2Fcomments&post=56"}],"version-history":[{"count":33,"href":"https:\/\/kaakaokapala.com\/index.php?rest_route=\/wp\/v2\/pages\/56\/revisions"}],"predecessor-version":[{"id":765,"href":"https:\/\/kaakaokapala.com\/index.php?rest_route=\/wp\/v2\/pages\/56\/revisions\/765"}],"wp:attachment":[{"href":"https:\/\/kaakaokapala.com\/index.php?rest_route=%2Fwp%2Fv2%2Fmedia&parent=56"}],"curies":[{"name":"wp","href":"https:\/\/api.w.org\/{rel}","templated":true}]}}