{"id":592,"date":"2022-05-19T22:12:56","date_gmt":"2022-05-19T20:12:56","guid":{"rendered":"http:\/\/kaakaokapala.com\/?page_id=592"},"modified":"2023-07-30T13:53:47","modified_gmt":"2023-07-30T10:53:47","slug":"pennut-2022","status":"publish","type":"page","link":"https:\/\/kaakaokapala.com\/?page_id=592","title":{"rendered":"Pennut 2022"},"content":{"rendered":"\n<h2 class=\"wp-block-heading has-text-align-center\">D-pentue syntyi 1.5.2022.<\/h2>\n\n\n<div class=\"wp-block-image\">\n<figure class=\"aligncenter\"><a href=\"https:\/\/kaakaokapala.com\/wp-content\/uploads\/2022\/06\/d.jpg\"><img loading=\"lazy\" decoding=\"async\" width=\"607\" height=\"1024\" src=\"http:\/\/kaakaokapala.com\/wp-content\/uploads\/2022\/06\/d-607x1024.jpg\" alt=\"\" class=\"wp-image-623\" srcset=\"https:\/\/kaakaokapala.com\/wp-content\/uploads\/2022\/06\/d-607x1024.jpg 607w, https:\/\/kaakaokapala.com\/wp-content\/uploads\/2022\/06\/d-178x300.jpg 178w, https:\/\/kaakaokapala.com\/wp-content\/uploads\/2022\/06\/d-768x1295.jpg 768w, https:\/\/kaakaokapala.com\/wp-content\/uploads\/2022\/06\/d.jpg 1634w\" sizes=\"(max-width: 607px) 100vw, 607px\" \/><\/a><\/figure><\/div>\n\n\n<p class=\"has-text-align-center has-medium-font-size\"><strong>Vanhemmat<\/strong><\/p>\n\n\n\n<figure class=\"wp-block-table is-style-regular\"><table><tbody><tr><td><img loading=\"lazy\" decoding=\"async\" width=\"1080\" height=\"1574\" class=\"wp-image-639\" style=\"width: 278px;\" src=\"http:\/\/kaakaokapala.com\/wp-content\/uploads\/2022\/06\/d-f.jpg\" alt=\"\" srcset=\"https:\/\/kaakaokapala.com\/wp-content\/uploads\/2022\/06\/d-f.jpg 1080w, https:\/\/kaakaokapala.com\/wp-content\/uploads\/2022\/06\/d-f-206x300.jpg 206w, https:\/\/kaakaokapala.com\/wp-content\/uploads\/2022\/06\/d-f-768x1119.jpg 768w, https:\/\/kaakaokapala.com\/wp-content\/uploads\/2022\/06\/d-f-703x1024.jpg 703w\" sizes=\"(max-width: 1080px) 100vw, 1080px\" \/><br> CH FI* Easylife&#8217;s Mr. Bad Guy <\/td><td><img loading=\"lazy\" decoding=\"async\" width=\"1080\" height=\"1350\" class=\"wp-image-640\" style=\"width: 325px;\" src=\"http:\/\/kaakaokapala.com\/wp-content\/uploads\/2022\/06\/d-m.jpg\" alt=\"\" srcset=\"https:\/\/kaakaokapala.com\/wp-content\/uploads\/2022\/06\/d-m.jpg 1080w, https:\/\/kaakaokapala.com\/wp-content\/uploads\/2022\/06\/d-m-240x300.jpg 240w, https:\/\/kaakaokapala.com\/wp-content\/uploads\/2022\/06\/d-m-768x960.jpg 768w, https:\/\/kaakaokapala.com\/wp-content\/uploads\/2022\/06\/d-m-819x1024.jpg 819w\" sizes=\"(max-width: 1080px) 100vw, 1080px\" \/><br> CH FI* Moggi Iida R\u00f6ntt\u00f6nen <\/td><\/tr><\/tbody><\/table><\/figure>\n\n\n\n<hr class=\"wp-block-separator has-css-opacity is-style-wide\"\/>\n\n\n\n<p class=\"has-text-align-center has-medium-font-size\"><strong>FI* Kaakaok\u00e4p\u00e4l\u00e4 Margarita &#8217;Rana&#8217;.<\/strong><br><strong>Naaras.<\/strong><\/p>\n\n\n\n<figure class=\"wp-block-table aligncenter\"><table><tbody><tr><td><img loading=\"lazy\" decoding=\"async\" width=\"1800\" height=\"2250\" class=\"wp-image-626\" style=\"width: 266px;\" src=\"http:\/\/kaakaokapala.com\/wp-content\/uploads\/2022\/06\/margarita.jpg\" alt=\"\" srcset=\"https:\/\/kaakaokapala.com\/wp-content\/uploads\/2022\/06\/margarita.jpg 1800w, https:\/\/kaakaokapala.com\/wp-content\/uploads\/2022\/06\/margarita-240x300.jpg 240w, https:\/\/kaakaokapala.com\/wp-content\/uploads\/2022\/06\/margarita-768x960.jpg 768w, https:\/\/kaakaokapala.com\/wp-content\/uploads\/2022\/06\/margarita-819x1024.jpg 819w\" sizes=\"(max-width: 1800px) 100vw, 1800px\" \/><\/td><td><img loading=\"lazy\" decoding=\"async\" width=\"1200\" height=\"1600\" class=\"wp-image-703\" style=\"width: 250px;\" src=\"http:\/\/kaakaokapala.com\/wp-content\/uploads\/2023\/07\/IMG-20230501-WA0026.jpg\" alt=\"\" srcset=\"https:\/\/kaakaokapala.com\/wp-content\/uploads\/2023\/07\/IMG-20230501-WA0026.jpg 1200w, https:\/\/kaakaokapala.com\/wp-content\/uploads\/2023\/07\/IMG-20230501-WA0026-225x300.jpg 225w, https:\/\/kaakaokapala.com\/wp-content\/uploads\/2023\/07\/IMG-20230501-WA0026-768x1024.jpg 768w, https:\/\/kaakaokapala.com\/wp-content\/uploads\/2023\/07\/IMG-20230501-WA0026-1152x1536.jpg 1152w\" sizes=\"(max-width: 1200px) 100vw, 1200px\" \/><\/td><\/tr><\/tbody><\/table><\/figure>\n\n\n\n<hr class=\"wp-block-separator has-css-opacity is-style-wide\"\/>\n\n\n\n<p class=\"has-text-align-center has-medium-font-size\"><strong>FI* Kaakaok\u00e4p\u00e4l\u00e4 Mai-Tai &#8217;Eevi&#8217;.<\/strong><br><strong>Naaras.<\/strong><\/p>\n\n\n\n<figure class=\"wp-block-table aligncenter\"><table><tbody><tr><td><img loading=\"lazy\" decoding=\"async\" width=\"1800\" height=\"2250\" class=\"wp-image-625\" style=\"width: 260px;\" src=\"http:\/\/kaakaokapala.com\/wp-content\/uploads\/2022\/06\/mai-tai.jpg\" alt=\"\" srcset=\"https:\/\/kaakaokapala.com\/wp-content\/uploads\/2022\/06\/mai-tai.jpg 1800w, https:\/\/kaakaokapala.com\/wp-content\/uploads\/2022\/06\/mai-tai-240x300.jpg 240w, https:\/\/kaakaokapala.com\/wp-content\/uploads\/2022\/06\/mai-tai-768x960.jpg 768w, https:\/\/kaakaokapala.com\/wp-content\/uploads\/2022\/06\/mai-tai-819x1024.jpg 819w\" sizes=\"(max-width: 1800px) 100vw, 1800px\" \/><\/td><td><img loading=\"lazy\" decoding=\"async\" width=\"1152\" height=\"2560\" class=\"wp-image-719\" style=\"width: 150px;\" src=\"http:\/\/kaakaokapala.com\/wp-content\/uploads\/2023\/07\/IMG_20220807_100943-scaled.jpg\" alt=\"\" srcset=\"https:\/\/kaakaokapala.com\/wp-content\/uploads\/2023\/07\/IMG_20220807_100943-scaled.jpg 1152w, https:\/\/kaakaokapala.com\/wp-content\/uploads\/2023\/07\/IMG_20220807_100943-135x300.jpg 135w, https:\/\/kaakaokapala.com\/wp-content\/uploads\/2023\/07\/IMG_20220807_100943-461x1024.jpg 461w, https:\/\/kaakaokapala.com\/wp-content\/uploads\/2023\/07\/IMG_20220807_100943-768x1707.jpg 768w, https:\/\/kaakaokapala.com\/wp-content\/uploads\/2023\/07\/IMG_20220807_100943-691x1536.jpg 691w, https:\/\/kaakaokapala.com\/wp-content\/uploads\/2023\/07\/IMG_20220807_100943-922x2048.jpg 922w\" sizes=\"(max-width: 1152px) 100vw, 1152px\" \/><\/td><\/tr><\/tbody><\/table><\/figure>\n\n\n\n<hr class=\"wp-block-separator has-css-opacity is-style-wide\"\/>\n\n\n\n<p class=\"has-text-align-center has-medium-font-size\"><strong>FI* Kaakaok\u00e4p\u00e4l\u00e4 Mimosa &#8217;Minni&#8217;.<br>Naaras.<\/strong><\/p>\n\n\n\n<figure class=\"wp-block-table aligncenter\"><table><tbody><tr><td><img loading=\"lazy\" decoding=\"async\" width=\"1800\" height=\"4000\" class=\"wp-image-628\" style=\"width: 150px;\" src=\"http:\/\/kaakaokapala.com\/wp-content\/uploads\/2022\/06\/mimosa.jpg\" alt=\"\" srcset=\"https:\/\/kaakaokapala.com\/wp-content\/uploads\/2022\/06\/mimosa.jpg 1800w, https:\/\/kaakaokapala.com\/wp-content\/uploads\/2022\/06\/mimosa-135x300.jpg 135w, https:\/\/kaakaokapala.com\/wp-content\/uploads\/2022\/06\/mimosa-768x1707.jpg 768w, https:\/\/kaakaokapala.com\/wp-content\/uploads\/2022\/06\/mimosa-461x1024.jpg 461w\" sizes=\"(max-width: 1800px) 100vw, 1800px\" \/><\/td><td><img loading=\"lazy\" decoding=\"async\" width=\"1500\" height=\"2000\" class=\"wp-image-716\" style=\"width: 255px;\" src=\"http:\/\/kaakaokapala.com\/wp-content\/uploads\/2023\/07\/IMG-20230510-WA0005.jpg\" alt=\"\" srcset=\"https:\/\/kaakaokapala.com\/wp-content\/uploads\/2023\/07\/IMG-20230510-WA0005.jpg 1500w, https:\/\/kaakaokapala.com\/wp-content\/uploads\/2023\/07\/IMG-20230510-WA0005-225x300.jpg 225w, https:\/\/kaakaokapala.com\/wp-content\/uploads\/2023\/07\/IMG-20230510-WA0005-768x1024.jpg 768w, https:\/\/kaakaokapala.com\/wp-content\/uploads\/2023\/07\/IMG-20230510-WA0005-1152x1536.jpg 1152w\" sizes=\"(max-width: 1500px) 100vw, 1500px\" \/><\/td><\/tr><\/tbody><\/table><\/figure>\n\n\n\n<hr class=\"wp-block-separator has-css-opacity is-style-wide\"\/>\n\n\n\n<p class=\"has-text-align-center has-medium-font-size\"><strong>FI* Kaakaok\u00e4p\u00e4l\u00e4 Martini &#8217;Morris&#8217;.<br>Uros.<\/strong><\/p>\n\n\n<div class=\"wp-block-image\">\n<figure class=\"aligncenter is-resized\"><a href=\"https:\/\/kaakaokapala.com\/wp-content\/uploads\/2022\/06\/martini.jpg\"><img loading=\"lazy\" decoding=\"async\" src=\"http:\/\/kaakaokapala.com\/wp-content\/uploads\/2022\/06\/martini-461x1024.jpg\" alt=\"\" class=\"wp-image-627\" width=\"231\" height=\"512\" srcset=\"https:\/\/kaakaokapala.com\/wp-content\/uploads\/2022\/06\/martini-461x1024.jpg 461w, https:\/\/kaakaokapala.com\/wp-content\/uploads\/2022\/06\/martini-135x300.jpg 135w, https:\/\/kaakaokapala.com\/wp-content\/uploads\/2022\/06\/martini-768x1707.jpg 768w, https:\/\/kaakaokapala.com\/wp-content\/uploads\/2022\/06\/martini.jpg 1800w\" sizes=\"(max-width: 231px) 100vw, 231px\" \/><\/a><\/figure><\/div>\n\n\n<hr class=\"wp-block-separator has-css-opacity is-style-wide\"\/>\n\n\n\n<h2 class=\"wp-block-heading has-text-align-center\">C-pentue syntyi 5.4.2022.<\/h2>\n\n\n<div class=\"wp-block-image\">\n<figure class=\"aligncenter\"><a href=\"https:\/\/kaakaokapala.com\/wp-content\/uploads\/2022\/06\/c.jpg\"><img loading=\"lazy\" decoding=\"async\" width=\"1024\" height=\"461\" src=\"http:\/\/kaakaokapala.com\/wp-content\/uploads\/2022\/06\/c-1024x461.jpg\" alt=\"\" class=\"wp-image-622\" srcset=\"https:\/\/kaakaokapala.com\/wp-content\/uploads\/2022\/06\/c-1024x461.jpg 1024w, https:\/\/kaakaokapala.com\/wp-content\/uploads\/2022\/06\/c-300x135.jpg 300w, https:\/\/kaakaokapala.com\/wp-content\/uploads\/2022\/06\/c-768x346.jpg 768w\" sizes=\"(max-width: 1024px) 100vw, 1024px\" \/><\/a><\/figure><\/div>\n\n\n<p class=\"has-text-align-center has-medium-font-size\"><strong>Vanhemmat<\/strong><\/p>\n\n\n\n<figure class=\"wp-block-table is-style-regular\"><table><tbody><tr><td><img loading=\"lazy\" decoding=\"async\" width=\"1080\" height=\"719\" class=\"wp-image-637\" style=\"width: 400px;\" src=\"http:\/\/kaakaokapala.com\/wp-content\/uploads\/2022\/06\/c-f.jpg\" alt=\"\" srcset=\"https:\/\/kaakaokapala.com\/wp-content\/uploads\/2022\/06\/c-f.jpg 1080w, https:\/\/kaakaokapala.com\/wp-content\/uploads\/2022\/06\/c-f-300x200.jpg 300w, https:\/\/kaakaokapala.com\/wp-content\/uploads\/2022\/06\/c-f-768x511.jpg 768w, https:\/\/kaakaokapala.com\/wp-content\/uploads\/2022\/06\/c-f-1024x682.jpg 1024w, https:\/\/kaakaokapala.com\/wp-content\/uploads\/2022\/06\/c-f-272x182.jpg 272w\" sizes=\"(max-width: 1080px) 100vw, 1080px\" \/><br> SC FI* Easylife&#8217;s King of Thunder &#8217;Astor&#8217; <\/td><td><img loading=\"lazy\" decoding=\"async\" width=\"3000\" height=\"4000\" class=\"wp-image-638\" style=\"width: 225px;\" src=\"http:\/\/kaakaokapala.com\/wp-content\/uploads\/2022\/06\/c-m.jpg\" alt=\"\" srcset=\"https:\/\/kaakaokapala.com\/wp-content\/uploads\/2022\/06\/c-m.jpg 3000w, https:\/\/kaakaokapala.com\/wp-content\/uploads\/2022\/06\/c-m-225x300.jpg 225w, https:\/\/kaakaokapala.com\/wp-content\/uploads\/2022\/06\/c-m-768x1024.jpg 768w\" sizes=\"(max-width: 3000px) 100vw, 3000px\" \/><br> FI* Wiiselin Ilahduttava Irene &#8217;Irppa&#8217; <\/td><\/tr><\/tbody><\/table><\/figure>\n\n\n\n<hr class=\"wp-block-separator has-css-opacity is-style-wide\"\/>\n\n\n\n<p class=\"has-text-align-center has-medium-font-size\"><strong>FI* Kaakaok\u00e4p\u00e4l\u00e4 Punainen Komentaja &#8217;Kamu&#8217;.<br>Uros.<br><\/strong>  <strong>Viihdytt\u00e4\u00e4 Torniossa Joonasta, Terhi\u00e4 sek\u00e4 Minni\u00e4.<\/strong><\/p>\n\n\n\n<figure class=\"wp-block-table aligncenter\"><table><tbody><tr><td><img loading=\"lazy\" decoding=\"async\" width=\"2592\" height=\"4608\" class=\"wp-image-630\" style=\"width: 200px;\" src=\"http:\/\/kaakaokapala.com\/wp-content\/uploads\/2022\/06\/komentaja.jpg\" alt=\"\" srcset=\"https:\/\/kaakaokapala.com\/wp-content\/uploads\/2022\/06\/komentaja.jpg 2592w, https:\/\/kaakaokapala.com\/wp-content\/uploads\/2022\/06\/komentaja-169x300.jpg 169w, https:\/\/kaakaokapala.com\/wp-content\/uploads\/2022\/06\/komentaja-768x1365.jpg 768w, https:\/\/kaakaokapala.com\/wp-content\/uploads\/2022\/06\/komentaja-576x1024.jpg 576w\" sizes=\"(max-width: 2592px) 100vw, 2592px\" \/><a href=\"https:\/\/kaakaokapala.com\/wp-content\/uploads\/2022\/06\/komentaja.jpg\"><\/a><a href=\"https:\/\/kaakaokapala.com\/wp-content\/uploads\/2022\/06\/komentaja.jpg\"><\/a><a href=\"https:\/\/kaakaokapala.com\/wp-content\/uploads\/2022\/06\/komentaja.jpg\"><\/a><a href=\"https:\/\/kaakaokapala.com\/wp-content\/uploads\/2022\/06\/komentaja.jpg\"><\/a><a href=\"https:\/\/kaakaokapala.com\/wp-content\/uploads\/2022\/06\/komentaja.jpg\"><\/a><a href=\"https:\/\/kaakaokapala.com\/wp-content\/uploads\/2022\/06\/komentaja.jpg\"><\/a><\/td><td><img loading=\"lazy\" decoding=\"async\" width=\"1152\" height=\"2560\" class=\"wp-image-695\" style=\"width: 162px;\" src=\"http:\/\/kaakaokapala.com\/wp-content\/uploads\/2023\/07\/IMG_20220911_111734-scaled.jpg\" alt=\"\" srcset=\"https:\/\/kaakaokapala.com\/wp-content\/uploads\/2023\/07\/IMG_20220911_111734-scaled.jpg 1152w, https:\/\/kaakaokapala.com\/wp-content\/uploads\/2023\/07\/IMG_20220911_111734-135x300.jpg 135w, https:\/\/kaakaokapala.com\/wp-content\/uploads\/2023\/07\/IMG_20220911_111734-461x1024.jpg 461w, https:\/\/kaakaokapala.com\/wp-content\/uploads\/2023\/07\/IMG_20220911_111734-768x1707.jpg 768w, https:\/\/kaakaokapala.com\/wp-content\/uploads\/2023\/07\/IMG_20220911_111734-691x1536.jpg 691w, https:\/\/kaakaokapala.com\/wp-content\/uploads\/2023\/07\/IMG_20220911_111734-922x2048.jpg 922w\" sizes=\"(max-width: 1152px) 100vw, 1152px\" \/><\/td><\/tr><\/tbody><\/table><\/figure>\n\n\n\n<hr class=\"wp-block-separator has-css-opacity is-style-wide\"\/>\n\n\n\n<p class=\"has-text-align-center has-medium-font-size\"><strong>FI* Kaakaok\u00e4p\u00e4l\u00e4 Ainomieli &#8217;Ansku&#8217;.<\/strong><br><strong>Naaras.<\/strong><br><strong>Muutti Sieviin kehr\u00e4\u00e4m\u00e4\u00e4n Sannan, Pertin ja Suvin iloksi.<\/strong><\/p>\n\n\n\n<figure class=\"wp-block-table aligncenter\"><table><tbody><tr><td><img loading=\"lazy\" decoding=\"async\" width=\"1800\" height=\"1800\" class=\"wp-image-621\" style=\"width: 300px;\" src=\"http:\/\/kaakaokapala.com\/wp-content\/uploads\/2022\/06\/ainomieli.jpg\" alt=\"\" srcset=\"https:\/\/kaakaokapala.com\/wp-content\/uploads\/2022\/06\/ainomieli.jpg 1800w, https:\/\/kaakaokapala.com\/wp-content\/uploads\/2022\/06\/ainomieli-150x150.jpg 150w, https:\/\/kaakaokapala.com\/wp-content\/uploads\/2022\/06\/ainomieli-300x300.jpg 300w, https:\/\/kaakaokapala.com\/wp-content\/uploads\/2022\/06\/ainomieli-768x768.jpg 768w, https:\/\/kaakaokapala.com\/wp-content\/uploads\/2022\/06\/ainomieli-1024x1024.jpg 1024w\" sizes=\"(max-width: 1800px) 100vw, 1800px\" \/><\/td><td><img loading=\"lazy\" decoding=\"async\" width=\"1238\" height=\"1428\" class=\"wp-image-706\" style=\"width: 250px;\" src=\"http:\/\/kaakaokapala.com\/wp-content\/uploads\/2023\/07\/IMG_20230730_134315.jpg\" alt=\"\" srcset=\"https:\/\/kaakaokapala.com\/wp-content\/uploads\/2023\/07\/IMG_20230730_134315.jpg 1238w, https:\/\/kaakaokapala.com\/wp-content\/uploads\/2023\/07\/IMG_20230730_134315-260x300.jpg 260w, https:\/\/kaakaokapala.com\/wp-content\/uploads\/2023\/07\/IMG_20230730_134315-888x1024.jpg 888w, https:\/\/kaakaokapala.com\/wp-content\/uploads\/2023\/07\/IMG_20230730_134315-768x886.jpg 768w\" sizes=\"(max-width: 1238px) 100vw, 1238px\" \/><\/td><\/tr><\/tbody><\/table><\/figure>\n\n\n\n<hr class=\"wp-block-separator has-css-opacity is-style-wide\"\/>\n\n\n\n<p class=\"has-text-align-center has-medium-font-size\"><strong>FI* T\u00e4htilaivan Kapteeni.<\/strong><br><strong>Uros.<br>Asuu sijoituskissana Katjan ja Miskan kanssa Oulussa.<\/strong><\/p>\n\n\n\n<figure class=\"wp-block-table aligncenter is-style-regular\"><table><tbody><tr><td><img loading=\"lazy\" decoding=\"async\" width=\"1800\" height=\"4000\" class=\"wp-image-624\" style=\"width: 150px;\" src=\"http:\/\/kaakaokapala.com\/wp-content\/uploads\/2022\/06\/kapteeni.jpg\" alt=\"\" srcset=\"https:\/\/kaakaokapala.com\/wp-content\/uploads\/2022\/06\/kapteeni.jpg 1800w, https:\/\/kaakaokapala.com\/wp-content\/uploads\/2022\/06\/kapteeni-135x300.jpg 135w, https:\/\/kaakaokapala.com\/wp-content\/uploads\/2022\/06\/kapteeni-768x1707.jpg 768w, https:\/\/kaakaokapala.com\/wp-content\/uploads\/2022\/06\/kapteeni-461x1024.jpg 461w\" sizes=\"(max-width: 1800px) 100vw, 1800px\" \/><\/td><td><img loading=\"lazy\" decoding=\"async\" width=\"1800\" height=\"1396\" class=\"wp-image-696\" style=\"width: 420px;\" src=\"http:\/\/kaakaokapala.com\/wp-content\/uploads\/2023\/07\/IMG_20230418_201059.jpg\" alt=\"\" srcset=\"https:\/\/kaakaokapala.com\/wp-content\/uploads\/2023\/07\/IMG_20230418_201059.jpg 1800w, https:\/\/kaakaokapala.com\/wp-content\/uploads\/2023\/07\/IMG_20230418_201059-300x233.jpg 300w, https:\/\/kaakaokapala.com\/wp-content\/uploads\/2023\/07\/IMG_20230418_201059-1024x794.jpg 1024w, https:\/\/kaakaokapala.com\/wp-content\/uploads\/2023\/07\/IMG_20230418_201059-768x596.jpg 768w, https:\/\/kaakaokapala.com\/wp-content\/uploads\/2023\/07\/IMG_20230418_201059-1536x1191.jpg 1536w\" sizes=\"(max-width: 1800px) 100vw, 1800px\" \/><\/td><\/tr><\/tbody><\/table><\/figure>\n\n\n\n<hr class=\"wp-block-separator has-css-opacity is-style-wide\"\/>\n","protected":false},"excerpt":{"rendered":"<p>D-pentue syntyi 1.5.2022. Vanhemmat CH FI* Easylife&#8217;s Mr. Bad Guy CH FI* Moggi Iida R\u00f6ntt\u00f6nen FI* Kaakaok\u00e4p\u00e4l\u00e4 Margarita &#8217;Rana&#8217;.Naaras. FI* Kaakaok\u00e4p\u00e4l\u00e4 Mai-Tai &#8217;Eevi&#8217;.Naaras. FI* Kaakaok\u00e4p\u00e4l\u00e4 Mimosa &#8217;Minni&#8217;.Naaras. FI* Kaakaok\u00e4p\u00e4l\u00e4 Martini &#8217;Morris&#8217;.Uros. C-pentue syntyi 5.4.2022. Vanhemmat SC FI* Easylife&#8217;s King of Thunder &#8217;Astor&#8217; FI* Wiiselin Ilahduttava Irene &#8217;Irppa&#8217; FI* Kaakaok\u00e4p\u00e4l\u00e4 Punainen Komentaja &#8217;Kamu&#8217;.Uros. Viihdytt\u00e4\u00e4 Torniossa Joonasta, [&hellip;]<\/p>\n","protected":false},"author":1,"featured_media":0,"parent":0,"menu_order":0,"comment_status":"closed","ping_status":"closed","template":"","meta":{"footnotes":""},"_links":{"self":[{"href":"https:\/\/kaakaokapala.com\/index.php?rest_route=\/wp\/v2\/pages\/592"}],"collection":[{"href":"https:\/\/kaakaokapala.com\/index.php?rest_route=\/wp\/v2\/pages"}],"about":[{"href":"https:\/\/kaakaokapala.com\/index.php?rest_route=\/wp\/v2\/types\/page"}],"author":[{"embeddable":true,"href":"https:\/\/kaakaokapala.com\/index.php?rest_route=\/wp\/v2\/users\/1"}],"replies":[{"embeddable":true,"href":"https:\/\/kaakaokapala.com\/index.php?rest_route=%2Fwp%2Fv2%2Fcomments&post=592"}],"version-history":[{"count":61,"href":"https:\/\/kaakaokapala.com\/index.php?rest_route=\/wp\/v2\/pages\/592\/revisions"}],"predecessor-version":[{"id":720,"href":"https:\/\/kaakaokapala.com\/index.php?rest_route=\/wp\/v2\/pages\/592\/revisions\/720"}],"wp:attachment":[{"href":"https:\/\/kaakaokapala.com\/index.php?rest_route=%2Fwp%2Fv2%2Fmedia&parent=592"}],"curies":[{"name":"wp","href":"https:\/\/api.w.org\/{rel}","templated":true}]}}