{"id":681,"date":"2023-07-30T13:21:38","date_gmt":"2023-07-30T10:21:38","guid":{"rendered":"http:\/\/kaakaokapala.com\/?page_id=681"},"modified":"2023-07-30T13:49:35","modified_gmt":"2023-07-30T10:49:35","slug":"pennut-2023","status":"publish","type":"page","link":"https:\/\/kaakaokapala.com\/?page_id=681","title":{"rendered":"Pennut 2023"},"content":{"rendered":"\n<h2 class=\"wp-block-heading has-text-align-center\">E-pentue syntyi 15.4.2023.<\/h2>\n\n\n<div class=\"wp-block-image\">\n<figure class=\"aligncenter size-large\"><a href=\"https:\/\/kaakaokapala.com\/wp-content\/uploads\/2023\/07\/IMG_20230512_102135-scaled.jpg\"><img loading=\"lazy\" decoding=\"async\" width=\"1024\" height=\"461\" src=\"https:\/\/kaakaokapala.com\/wp-content\/uploads\/2023\/07\/IMG_20230512_102135-1024x461.jpg\" alt=\"\" class=\"wp-image-688\" srcset=\"https:\/\/kaakaokapala.com\/wp-content\/uploads\/2023\/07\/IMG_20230512_102135-1024x461.jpg 1024w, https:\/\/kaakaokapala.com\/wp-content\/uploads\/2023\/07\/IMG_20230512_102135-300x135.jpg 300w, https:\/\/kaakaokapala.com\/wp-content\/uploads\/2023\/07\/IMG_20230512_102135-768x346.jpg 768w, https:\/\/kaakaokapala.com\/wp-content\/uploads\/2023\/07\/IMG_20230512_102135-1536x691.jpg 1536w, https:\/\/kaakaokapala.com\/wp-content\/uploads\/2023\/07\/IMG_20230512_102135-2048x922.jpg 2048w\" sizes=\"(max-width: 1024px) 100vw, 1024px\" \/><\/a><\/figure><\/div>\n\n\n<p class=\"has-text-align-center has-medium-font-size\"><strong>Vanhemmat<\/strong><\/p>\n\n\n\n<figure class=\"wp-block-table is-style-regular\"><table><tbody><tr><td><img loading=\"lazy\" decoding=\"async\" width=\"720\" height=\"1600\" class=\"wp-image-532\" style=\"width: 175px;\" src=\"http:\/\/kaakaokapala.com\/wp-content\/uploads\/2021\/05\/IMG-20201225-WA0002.jpg\" alt=\"\" srcset=\"https:\/\/kaakaokapala.com\/wp-content\/uploads\/2021\/05\/IMG-20201225-WA0002.jpg 720w, https:\/\/kaakaokapala.com\/wp-content\/uploads\/2021\/05\/IMG-20201225-WA0002-135x300.jpg 135w, https:\/\/kaakaokapala.com\/wp-content\/uploads\/2021\/05\/IMG-20201225-WA0002-461x1024.jpg 461w\" sizes=\"(max-width: 720px) 100vw, 720px\" \/><br>IC FI* Kaakaok\u00e4p\u00e4l\u00e4 Lempe\u00e4<br>Leopardi &#8217;Neko&#8217;<\/td><td><img loading=\"lazy\" decoding=\"async\" width=\"3000\" height=\"4000\" class=\"wp-image-638\" style=\"width: 275px;\" src=\"http:\/\/kaakaokapala.com\/wp-content\/uploads\/2022\/06\/c-m.jpg\" alt=\"\" srcset=\"https:\/\/kaakaokapala.com\/wp-content\/uploads\/2022\/06\/c-m.jpg 3000w, https:\/\/kaakaokapala.com\/wp-content\/uploads\/2022\/06\/c-m-225x300.jpg 225w, https:\/\/kaakaokapala.com\/wp-content\/uploads\/2022\/06\/c-m-768x1024.jpg 768w\" sizes=\"(max-width: 3000px) 100vw, 3000px\" \/><br>CH FI* Wiiselin Ilahduttava Irene <br>&#8217;Irppa&#8217; <\/td><\/tr><\/tbody><\/table><\/figure>\n\n\n\n<hr class=\"wp-block-separator has-css-opacity is-style-wide\"\/>\n\n\n\n<p class=\"has-text-align-center has-medium-font-size\"><strong>FI* Kaakaok\u00e4p\u00e4l\u00e4 Rautamies.<br>Uros.<br><\/strong>  <strong>Asuu Elinan ja Eevin kanssa Oulussa.<\/strong><\/p>\n\n\n<div class=\"wp-block-image\">\n<figure class=\"aligncenter size-large is-resized\"><a href=\"https:\/\/kaakaokapala.com\/wp-content\/uploads\/2023\/07\/IMG_20230730_133213-scaled.jpg\"><img loading=\"lazy\" decoding=\"async\" src=\"https:\/\/kaakaokapala.com\/wp-content\/uploads\/2023\/07\/IMG_20230730_133213-599x1024.jpg\" alt=\"\" class=\"wp-image-698\" width=\"300\" height=\"512\" srcset=\"https:\/\/kaakaokapala.com\/wp-content\/uploads\/2023\/07\/IMG_20230730_133213-599x1024.jpg 599w, https:\/\/kaakaokapala.com\/wp-content\/uploads\/2023\/07\/IMG_20230730_133213-175x300.jpg 175w, https:\/\/kaakaokapala.com\/wp-content\/uploads\/2023\/07\/IMG_20230730_133213-768x1314.jpg 768w, https:\/\/kaakaokapala.com\/wp-content\/uploads\/2023\/07\/IMG_20230730_133213-898x1536.jpg 898w, https:\/\/kaakaokapala.com\/wp-content\/uploads\/2023\/07\/IMG_20230730_133213-1197x2048.jpg 1197w, https:\/\/kaakaokapala.com\/wp-content\/uploads\/2023\/07\/IMG_20230730_133213-scaled.jpg 1497w\" sizes=\"(max-width: 300px) 100vw, 300px\" \/><\/a><\/figure><\/div>\n\n\n<hr class=\"wp-block-separator has-css-opacity is-style-wide\"\/>\n\n\n\n<p class=\"has-text-align-center has-medium-font-size\"><strong>FI* Kaakaok\u00e4p\u00e4l\u00e4 Mustaleski.<\/strong><br><strong>Naaras.<\/strong><br><strong>Asuu sijoituksessa Oulussa Marian luona.<\/strong><\/p>\n\n\n<div class=\"wp-block-image\">\n<figure class=\"aligncenter size-large is-resized\"><a href=\"https:\/\/kaakaokapala.com\/wp-content\/uploads\/2023\/07\/IMG_20230730_133233-scaled.jpg\"><img loading=\"lazy\" decoding=\"async\" src=\"https:\/\/kaakaokapala.com\/wp-content\/uploads\/2023\/07\/IMG_20230730_133233-589x1024.jpg\" alt=\"\" class=\"wp-image-699\" width=\"295\" height=\"512\" srcset=\"https:\/\/kaakaokapala.com\/wp-content\/uploads\/2023\/07\/IMG_20230730_133233-589x1024.jpg 589w, https:\/\/kaakaokapala.com\/wp-content\/uploads\/2023\/07\/IMG_20230730_133233-173x300.jpg 173w, https:\/\/kaakaokapala.com\/wp-content\/uploads\/2023\/07\/IMG_20230730_133233-768x1335.jpg 768w, https:\/\/kaakaokapala.com\/wp-content\/uploads\/2023\/07\/IMG_20230730_133233-884x1536.jpg 884w, https:\/\/kaakaokapala.com\/wp-content\/uploads\/2023\/07\/IMG_20230730_133233-1178x2048.jpg 1178w, https:\/\/kaakaokapala.com\/wp-content\/uploads\/2023\/07\/IMG_20230730_133233-scaled.jpg 1473w\" sizes=\"(max-width: 295px) 100vw, 295px\" \/><\/a><\/figure><\/div>\n\n\n<hr class=\"wp-block-separator has-css-opacity is-style-wide\"\/>\n\n\n\n<p class=\"has-text-align-center has-medium-font-size\"><strong>FI* Kaakaok\u00e4p\u00e4l\u00e4 Elohopea.<\/strong><br><strong>Uros.<br>Elelee Suvin, Arton ja Minnin kanssa Rovaniemell\u00e4.<\/strong><\/p>\n\n\n<div class=\"wp-block-image\">\n<figure class=\"aligncenter size-large is-resized\"><a href=\"https:\/\/kaakaokapala.com\/wp-content\/uploads\/2023\/07\/IMG_20230730_133136-scaled.jpg\"><img loading=\"lazy\" decoding=\"async\" src=\"https:\/\/kaakaokapala.com\/wp-content\/uploads\/2023\/07\/IMG_20230730_133136-534x1024.jpg\" alt=\"\" class=\"wp-image-700\" width=\"267\" height=\"512\" srcset=\"https:\/\/kaakaokapala.com\/wp-content\/uploads\/2023\/07\/IMG_20230730_133136-534x1024.jpg 534w, https:\/\/kaakaokapala.com\/wp-content\/uploads\/2023\/07\/IMG_20230730_133136-157x300.jpg 157w, https:\/\/kaakaokapala.com\/wp-content\/uploads\/2023\/07\/IMG_20230730_133136-768x1472.jpg 768w, https:\/\/kaakaokapala.com\/wp-content\/uploads\/2023\/07\/IMG_20230730_133136-801x1536.jpg 801w, https:\/\/kaakaokapala.com\/wp-content\/uploads\/2023\/07\/IMG_20230730_133136-1068x2048.jpg 1068w, https:\/\/kaakaokapala.com\/wp-content\/uploads\/2023\/07\/IMG_20230730_133136-scaled.jpg 1336w\" sizes=\"(max-width: 267px) 100vw, 267px\" \/><\/a><\/figure><\/div>\n\n\n<hr class=\"wp-block-separator has-css-opacity is-style-wide\"\/>\n","protected":false},"excerpt":{"rendered":"<p>E-pentue syntyi 15.4.2023. Vanhemmat IC FI* Kaakaok\u00e4p\u00e4l\u00e4 Lempe\u00e4Leopardi &#8217;Neko&#8217; CH FI* Wiiselin Ilahduttava Irene &#8217;Irppa&#8217; FI* Kaakaok\u00e4p\u00e4l\u00e4 Rautamies.Uros. Asuu Elinan ja Eevin kanssa Oulussa. FI* Kaakaok\u00e4p\u00e4l\u00e4 Mustaleski.Naaras.Asuu sijoituksessa Oulussa Marian luona. FI* Kaakaok\u00e4p\u00e4l\u00e4 Elohopea.Uros.Elelee Suvin, Arton ja Minnin kanssa Rovaniemell\u00e4.<\/p>\n","protected":false},"author":1,"featured_media":0,"parent":0,"menu_order":0,"comment_status":"closed","ping_status":"closed","template":"","meta":{"footnotes":""},"_links":{"self":[{"href":"https:\/\/kaakaokapala.com\/index.php?rest_route=\/wp\/v2\/pages\/681"}],"collection":[{"href":"https:\/\/kaakaokapala.com\/index.php?rest_route=\/wp\/v2\/pages"}],"about":[{"href":"https:\/\/kaakaokapala.com\/index.php?rest_route=\/wp\/v2\/types\/page"}],"author":[{"embeddable":true,"href":"https:\/\/kaakaokapala.com\/index.php?rest_route=\/wp\/v2\/users\/1"}],"replies":[{"embeddable":true,"href":"https:\/\/kaakaokapala.com\/index.php?rest_route=%2Fwp%2Fv2%2Fcomments&post=681"}],"version-history":[{"count":7,"href":"https:\/\/kaakaokapala.com\/index.php?rest_route=\/wp\/v2\/pages\/681\/revisions"}],"predecessor-version":[{"id":714,"href":"https:\/\/kaakaokapala.com\/index.php?rest_route=\/wp\/v2\/pages\/681\/revisions\/714"}],"wp:attachment":[{"href":"https:\/\/kaakaokapala.com\/index.php?rest_route=%2Fwp%2Fv2%2Fmedia&parent=681"}],"curies":[{"name":"wp","href":"https:\/\/api.w.org\/{rel}","templated":true}]}}